{"id":74,"date":"2022-11-02T08:54:23","date_gmt":"2022-11-02T08:54:23","guid":{"rendered":"https:\/\/elizowo.pl\/?post_type=product&#038;p=74"},"modified":"2026-04-08T11:13:05","modified_gmt":"2026-04-08T11:13:05","slug":"ksiaza-w-poszukiwaniu-szczescia","status":"publish","type":"product","link":"https:\/\/elizowo.pl\/index.php\/produkt\/ksiaza-w-poszukiwaniu-szczescia\/","title":{"rendered":"Ksi\u0105\u017cka &#8222;W poszukiwaniu szcz\u0119\u015bcia. Przygotowania do podr\u00f3\u017cy&#8221; &#8211; wydanie drugie"},"content":{"rendered":"<p>Ksi\u0105\u017cka wspieraj\u0105ca dla kobiet.<\/p>\n<p>Je\u015bli chcesz poczu\u0107 si\u0119, jakby\u015b rozmawia\u0142a z przyjaci\u00f3\u0142k\u0105, kt\u00f3ra Ci\u0119 rozumie i wys\u0142ucha, kt\u00f3ra opowiada o tym jak odzyska\u0142a rado\u015b\u0107 z obecnego, do\u015b\u0107 przeci\u0119tnego \u017cycia, bez dawania Ci niechcianych rad i narzucania jednego rozwi\u0105zania, to ta ksi\u0105\u017cka jest dla\u00a0 Ciebie.<\/p>\n<p>Ta ksi\u0105\u017cka jest r\u00f3wnie\u017c wst\u0119pem do rozwoju osobistego, \u0142agodnym wprowadzeniem, tak odmiennym od typowych poradnik\u00f3w i popularnych wyzwa\u0144.<\/p>\n<ul>\n<li>Je\u017celi te\u017c tak masz, \u017ce nie potrafisz wytrwa\u0107 w wyzwaniu czy postanowieniu d\u0142u\u017cej ni\u017c kilka czy kilkana\u015bcie dni, szczeg\u00f3lnie kiedy chodzi o co\u015b, co robisz tylko dla siebie&#8230;<\/li>\n<li>Je\u017celi jeste\u015b troskliw\u0105 matk\u0105, dobr\u0105 \u017con\u0105 i c\u00f3rk\u0105, pomocn\u0105 przyjaci\u00f3\u0142k\u0105 i dbasz o wszystkich, a nie starcza Ci ju\u017c czasu by odpowiednio zadba\u0107 o siebie&#8230;<\/li>\n<li>Je\u017celi nie chcesz robi\u0107 wielkiej kariery i si\u0119ga\u0107 gwiazd&#8230;<\/li>\n<li>Je\u017celi nie chcesz ci\u0119\u017cko pracowa\u0107 i po\u015bwi\u0119ca\u0107 du\u017co czasu i energii, aby twoje \u017cycie sta\u0142o si\u0119 bajk\u0105&#8230;<\/li>\n<li>Je\u017celi chcesz by\u0107 po prostu bardziej szcz\u0119\u015bliwa, bardziej zadba\u0107 o siebie, lepiej czu\u0107 si\u0119 ka\u017cdego dnia, to ta ksi\u0105\u017cka jest dla Ciebie.<\/li>\n<\/ul>\n<p>&#8222;W poszukiwaniu szcz\u0119\u015bcia&#8221; to nie tylko opowie\u015b\u0107 o kobiecie, kt\u00f3ra w pogoni za przetrwaniem zapomnia\u0142a o sobie i swoich potrzebach, a p\u00f3\u017aniej na nowo odnalaz\u0142a siebie i swoje szcz\u0119\u015bcie. <strong>Ta ksi\u0105\u017cka to narz\u0119dzie, kt\u00f3re poka\u017ce Ci jak w 5 minut mo\u017cesz poprawi\u0107 sobie trwale nastr\u00f3j.<\/strong> Tak, znajdziesz w niej sposoby, kt\u00f3re wymagaj\u0105 5 minut zaanga\u017cowania, a efekty b\u0119d\u0105 d\u0142ugotrwa\u0142e.<\/p>\n<p><strong>Wybierz mnie i moj\u0105 ksi\u0105\u017ck\u0119 na przewodnika do w\u0142asnego szcz\u0119\u015bcia, a pomog\u0119 Ci odkry\u0107 nowe, \u0142agodne \u015bcie\u017cki.<\/strong> To nie jest intensywny trening ani wype\u0142niony definicjami i skomplikowanymi technikami poradnik.<\/p>\n<p>Czytaj\u0105c t\u0105 ksi\u0105\u017ck\u0119, b\u0119dziesz czu\u0142a si\u0119, jakby\u015b rozmawia\u0142a z przyjaci\u00f3\u0142k\u0105, kt\u00f3ra opowiada Ci o swoich prostych i skutecznych sposobach na pozbycie si\u0119 kamienia z czajnika w 5 minut, albo jak w 3 minuty u\u0142o\u017cy\u0107 idealn\u0105 fryzur\u0119. Pozb\u0105d\u017a si\u0119 z\u0142ego humoru jak kamienia i u\u0142\u00f3\u017c sw\u00f3j udany dzie\u0144 jak fryzur\u0119. Tak, wystarczy kilka minut i tak jak kamienia z czajnika nie trzeba usuwa\u0107 codziennie, tak tych \u0107wicze\u0144 i sposob\u00f3w nie musisz wykonywa\u0107 systematycznie i wielokrotnie.<\/p>\n<p>T\u0105 ksi\u0105\u017ck\u0119 napisa\u0142am dla mojej przyjaci\u00f3\u0142ki, ale tak\u017ce dla siebie. Nie by\u0142am systematyczna i wytrwa\u0142a, nie marzy\u0142am o wielkiej karierze, nie chcia\u0142am zdobywa\u0107 szczyt\u00f3w ci\u0119\u017ck\u0105 prac\u0105. Chcia\u0142am po prostu mie\u0107 troch\u0119 czasu dla siebie, zadba\u0107 o siebie i by\u0107 bardziej szcz\u0119\u015bliwa. Po wielu latach poszukiwa\u0144 znalaz\u0142am sposoby, aby zrobi\u0107 to ma\u0142ymi krokami, bez wielkiego wysi\u0142ku i ci\u0119\u017ckiej pracy nad sob\u0105. Dzia\u0142aj\u0105 one troch\u0119 jak kula \u015bnie\u017cna. Robisz ma\u0142\u0105 kulk\u0119, bez wysi\u0142ku, zajmuje to chwil\u0119. Mo\u017cesz j\u0105 toczy\u0107 po p\u0142askiej powierzchni, a\u017c zrobi si\u0119 wi\u0119ksza i ci\u0119\u017csza, a mo\u017cesz t\u0105 kulk\u0119 po\u0142o\u017cy\u0107 na szczycie wzniesienia i popchn\u0105\u0107 w d\u00f3\u0142, aby sama nabra\u0142a rozp\u0119du i uros\u0142a, wystarczy tylko za ni\u0105 pod\u0105\u017ca\u0107.<\/p>\n<p><strong>Chwy\u0107 teraz moj\u0105 ksi\u0105\u017ck\u0119 i ruszajmy razem w podr\u00f3\u017c, powoli, spokojnie, bezpiecznie, bez wielkiego wysi\u0142ku, w podr\u00f3\u017c po wi\u0119cej szcz\u0119\u015bcia.\u00a0<\/strong><\/p>\n<div class=\"is-layout-flow wp-block-column\">\n<h2>Co m\u00f3wi\u0105 inni o mojej ksi\u0105\u017cce?<\/h2>\n<p>&nbsp;<\/p>\n<hr \/>\n<p class=\"alignwide\" style=\"text-align: center;\"><em>W poszukiwaniu szcz\u0119\u015bcia to inspiruj\u0105ca pozycja, po\u0142\u0105czenie humorystycznej metafory na \u017cycie wspania\u0142ych pomys\u0142\u00f3w i praktycznych rozwi\u0105za\u0144. Wci\u0105ga do czytania, zmusza do my\u015blenia i\u00a0 korci do natychmiastowego dzia\u0142ania.<\/em><\/p>\n<p class=\"alignwide\" style=\"text-align: center;\">Joanna Rudnicka-Kucharska<\/p>\n<hr \/>\n<h6><em>Eliza w swojej ksi\u0105\u017cce \u201eW poszukiwaniu szcz\u0119\u015bcia\u201d w spos\u00f3b otwarty i szczery uzewn\u0119trznia si\u0119 przed czytelnikiem. Pokazuje mu swoj\u0105 drog\u0119 do szcz\u0119\u015bcia, u kt\u00f3rej podstaw znajduj\u0105 si\u0119 \u2013 praca z przekonaniami, okre\u015blenie celu i misji \u2013 w swojej podr\u00f3\u017cy w kierunku szcz\u0119\u015bcia. Dzi\u0119ki temu pozwala zrozumie\u0107, \u017ce silne \u201edlaczego\u201d, oparte na wiedzy, zrozumieniu, akceptacji i uto\u017csamieniu si\u0119 z samym sob\u0105 prowadzi do g\u0142\u0119bszej relacji. Z kim? Z najwa\u017cniejsz\u0105 osob\u0105 w \u017cyciu ka\u017cdego z nas \u2013 ze samym sob\u0105.<\/em><br \/>\n<em>Kwintesencj\u0105 ksi\u0105\u017cki jest moim zdaniem zdanie tam\u017ce zawarte a odnosz\u0105ce si\u0119 do poczucia szcz\u0119\u015bcia. \u201eTo tak, jak pr\u00f3bowa\u0107 zerwa\u0107 owoc z drzewa, kt\u00f3rego jeszcze si\u0119 nie posadzi\u0142o\u201d.<\/em><br \/>\n<em>Dlatego je\u017celi Ty chcesz zrywa\u0107 swoje. Na start umie\u015b\u0107 swoje nasiono w ziemi.<\/em><br \/>\n<em>A ta ksi\u0105\u017cka w tym w\u0142a\u015bnie mo\u017ce Tobie pom\u00f3c.\u00a0<\/em><\/h6>\n<h6>Piotr<\/h6>\n<hr \/>\n<p>&nbsp;<\/p>\n<p><em>W poszukiwaniu szcz\u0119\u015bcia. To nie jest kolejna zwyk\u0142a ksi\u0105\u017cka od specjalist\u00f3w i trener\u00f3w, kt\u00f3ra w sztywnych punktach i wymy\u015blnych definicjach z wyra\u017ceniami tak skomplikowanymi lub \u017cywcem przeniesionych z innych j\u0119zyk\u00f3w, \u017ce cz\u0142owiek zamiast zastanawia\u0107 si\u0119 nad tematem ksi\u0105\u017cki i uzyska\u0107 odpowied\u017a na pytanie to zadaje sobie pytanie \u201eco autor mia\u0142 na my\u015bli?\u201d Ksi\u0105\u017cka Elizy Kordylewicz jest inna. Napisana jest w prosty i czytelny spos\u00f3b. J\u0119zykiem zrozumia\u0142ym dla przeci\u0119tnego \u201eKowalskiego\u201d. Jest napisana dla takiej osoby jak Ty czy Ja przez osob\u0119 tak\u0105 w\u0142a\u015bnie jak My, czyli zwyk\u0142ego cz\u0142owieka z pewnym \u201ebaga\u017cem\u201d do\u015bwiadcze\u0144, kt\u00f3rymi dzieli si\u0119 z czytelnikami. W\u0142a\u015bnie to, \u017ce s\u0105 to przyk\u0142ady z w\u0142asnego \u017cycia, kt\u00f3re wielu z nas dotycz\u0105 i spotykaj\u0105 czyta si\u0119 t\u0119 ksi\u0105\u017ck\u0119 z przyjemno\u015bci\u0105. Mo\u017cna odnie\u015b\u0107 wra\u017cenie, \u017ce cz\u0142owiek zaprzyja\u017ani\u0105 si\u0119 z autork\u0105 i odnosz\u0119 wra\u017cenie, \u017ce taki tez cel mia\u0142a Eliza. Prowadzi nas przez kolejne rozdzia\u0142y jako mentor ale bardziej jako przyjaciel, kt\u00f3ry nie narzuca si\u0119 , ale daje dobre rady. Nie znajdziemy tu uniwersalnych i gotowych rozwi\u0105za\u0144, bo takich nie ma , ale Eliza prowadzi nas jak przewodnik po mapie szcz\u0119\u015bcia aby\u015bmy sami znale\u017ali a przede wszystkim zrozumieli na czym polega szcz\u0119\u015bcie, bo to jest fundamentalne pytanie od kt\u00f3rego trzeba zacz\u0105\u0107 i na kt\u00f3re odpowiada nam ta ksi\u0105\u017cka. W podr\u00f3\u017c z autork\u0105 mo\u017ce wybra\u0107 si\u0119 ka\u017cdy ale tylko ci, kt\u00f3rzy poszukuj\u0105 szcz\u0119\u015bcia, a przeczytali tony lektur i obejrzeli godziny poradnik\u00f3w i nie znale\u017ali go odnajd\u0105 spos\u00f3b w\u0142a\u015bnie przy tej lekturze. Na zako\u0144czenie jeszcze par\u0119 s\u0142\u00f3w o autorce. Eliza nie jest ekspertem nie ko\u0144czy\u0142a te\u017c szk\u00f3\u0142 i kurs\u00f3w ze \u201eszcz\u0119\u015bcia\u201d przekazuje wiedz\u0119 jak osi\u0105gn\u0119\u0142a szcz\u0119\u015bcie na podstawie swoich do\u015bwiadcze\u0144 \u017cyciowych, a mia\u0142a ich sporo. Jest osob\u0105 \u017cywio\u0142ow\u0105 troch\u0119 chaotyczn\u0105 co odczujemy przy czytaniu. Ale w\u0142a\u015bnie to \u017ce pisze z serca i to co my\u015bli i co prze\u017cy\u0142a, moim zdaniem stawia t\u0119 ksi\u0105\u017ck\u0119 ponad wszystkie inne poradniki itp. Kt\u00f3re niby poparte badaniami opiniami ekspert\u00f3w a w testach klinicznych wyniki daj\u0105 100% pewno\u015bci ze znajdziemy szcz\u0119\u015bcie, a jest w\u0142a\u015bnie przeciwnie. Dlatego polecam zapozna\u0107 si\u0119 z ksi\u0105\u017ck\u0105 Elizy bo warto pos\u0142ucha\u0107 kogo\u015b zwyk\u0142ego takiego jak Ty czy Ja ze zwyk\u0142ymi codziennymi problemami a nie \u201eko\u0142cz\u00f3w\u201d i motywator\u00f3w z wyuczonym formu\u0142kami i definicjami powtarzanymi do znudzenia. PS. Eliza bardzo lubi puzzle ;).\u00a0<\/em><\/p>\n<p>Bartosz<\/p>\n<hr \/>\n<p>&nbsp;<\/p>\n<h6 class=\"alignwide\" style=\"text-align: center;\"><em>Poch\u0142on\u0119\u0142am reszt\u0119 ksi\u0105\u017cki \ud83d\ude42 \ud83d\ude09 Do samego ko\u0144ca bardzo mi si\u0119 podoba\u0142o. Powiem tak, dla kogo\u015b, kto zaczyna przygod\u0119 z rozwojem, ogromny plus \u017ce jest to opisane kr\u00f3tko ale dok\u0142adnie. Bez zb\u0119dnego gadania, po prostu prosty przepis na to, co mo\u017cna zmieni\u0107 w swoim \u017cyciu od teraz, aby czu\u0107 si\u0119 bardziej szcz\u0119\u015bliwym i spe\u0142nionym. Bardzo trafne i przemawiaj\u0105ce przyk\u0142ady. Bardzo podoba\u0142o mi si\u0119 \u0107wiczenie z wypisywaniem plus\u00f3w i minus\u00f3w rzeczy na kt\u00f3re narzekamy \u2013 nie zna\u0142am go, a bardzo mi si\u0119 podoba.<\/em><br \/>\n<em>Ksi\u0105\u017cka warta polecenia ka\u017cdemu, kto chce znale\u017a\u0107 swoje szcz\u0119\u015bcie, kt\u00f3re ca\u0142y czas ma w zasi\u0119gu r\u0119ki a go nie dostrzega. Jestem ogromnie wdzi\u0119czna, \u017ce ta ksi\u0105\u017cka do mnie trafi\u0142a i jestem przekonana \u017ce nie jedna osoba dostanie j\u0105 ode mnie w prezencie. <\/em><\/h6>\n<h6 class=\"alignwide\" style=\"text-align: center;\">Ania<\/h6>\n<\/div>\n","protected":false},"excerpt":{"rendered":"<p>Oprawa mi\u0119kka<br \/>\nLiczba stron 126<br \/>\nWymiary 20&#215;14 cm<br \/>\nP\u0142atno\u015b\u0107: przelewem lub BLIKiem na telefon<br \/>\nDostawa: W przypadku zam\u00f3wienia wi\u0119kszej ilo\u015bci sztuk cen\u0119 ustalamy indywidualnie.<\/p>\n","protected":false},"featured_media":147,"comment_status":"open","ping_status":"closed","template":"","meta":{"neve_meta_sidebar":"","neve_meta_container":"","neve_meta_enable_content_width":"off","neve_meta_content_width":100,"neve_meta_title_alignment":"","neve_meta_author_avatar":"","neve_post_elements_order":"","neve_meta_disable_header":"","neve_meta_disable_footer":"","neve_meta_disable_title":""},"product_brand":[],"product_cat":[21],"product_tag":[],"class_list":{"0":"post-74","1":"product","2":"type-product","3":"status-publish","4":"has-post-thumbnail","6":"product_cat-ksiazki","8":"first","9":"instock","10":"sale","11":"purchasable","12":"product-type-simple"},"jetpack_sharing_enabled":true,"_links":{"self":[{"href":"https:\/\/elizowo.pl\/index.php\/wp-json\/wp\/v2\/product\/74","targetHints":{"allow":["GET"]}}],"collection":[{"href":"https:\/\/elizowo.pl\/index.php\/wp-json\/wp\/v2\/product"}],"about":[{"href":"https:\/\/elizowo.pl\/index.php\/wp-json\/wp\/v2\/types\/product"}],"replies":[{"embeddable":true,"href":"https:\/\/elizowo.pl\/index.php\/wp-json\/wp\/v2\/comments?post=74"}],"wp:featuredmedia":[{"embeddable":true,"href":"https:\/\/elizowo.pl\/index.php\/wp-json\/wp\/v2\/media\/147"}],"wp:attachment":[{"href":"https:\/\/elizowo.pl\/index.php\/wp-json\/wp\/v2\/media?parent=74"}],"wp:term":[{"taxonomy":"product_brand","embeddable":true,"href":"https:\/\/elizowo.pl\/index.php\/wp-json\/wp\/v2\/product_brand?post=74"},{"taxonomy":"product_cat","embeddable":true,"href":"https:\/\/elizowo.pl\/index.php\/wp-json\/wp\/v2\/product_cat?post=74"},{"taxonomy":"product_tag","embeddable":true,"href":"https:\/\/elizowo.pl\/index.php\/wp-json\/wp\/v2\/product_tag?post=74"}],"curies":[{"name":"wp","href":"https:\/\/api.w.org\/{rel}","templated":true}]}}