{"id":204,"date":"2026-04-08T11:55:52","date_gmt":"2026-04-08T11:55:52","guid":{"rendered":"https:\/\/elizowo.pl\/?post_type=product&#038;p=204"},"modified":"2026-04-13T11:33:12","modified_gmt":"2026-04-13T11:33:12","slug":"91-sposobow-jak-naladowac-swoja-energie-przedsprzedaz","status":"publish","type":"product","link":"https:\/\/elizowo.pl\/index.php\/produkt\/91-sposobow-jak-naladowac-swoja-energie-przedsprzedaz\/","title":{"rendered":"91 sposob\u00f3w. Jak si\u0119 zregenerowa\u0107, wyzwoli\u0107 energi\u0119 do dzia\u0142ania i obudzi\u0107 wewn\u0119trzn\u0105 moc &#8211; przedsprzeda\u017c"},"content":{"rendered":"<p>91 sposob\u00f3w&#8230; to ksi\u0105\u017cka, kt\u00f3ra przeprowadzi Ci\u0119 od funkcjonowania na ci\u0105g\u0142ej rezerwie, od trybu przetrwania poprzez zebranie energii do dzia\u0142ania, do robienia czego\u015b wi\u0119cej ni\u017c tylko niezb\u0119dne minimum\u00a0 do stanu, w kt\u00f3rym masz nie tylko energi\u0119 do \u017cycia ale tak\u017ce moc do realizacji wielkich wyzwa\u0144 czy marze\u0144.<\/p>\n<p>Premiera ksi\u0105\u017cki odb\u0119dzie we wrze\u015bniu 2026 roku.<\/p>\n<p>Ty mo\u017cesz kupi\u0107 j\u0105 ju\u017c dzi\u015b w przedsprzeda\u017cy i by\u0107 dzi\u0119ki temu jej wsp\u00f3\u0142tw\u00f3rc\u0105, bo ka\u017cdy zakup przyspieszy prace nad jej wydaniem. Ty otrzymasz jeden z pierwszych egzemplarzy przedpremierowo, zap\u0142acisz podan\u0105 cen\u0119 bez wzgl\u0119du na to jakie b\u0119d\u0105 koszty wydruku i ostateczna cena ksi\u0105\u017cki, nic nie dop\u0142acasz, w cen\u0119 wliczone s\u0105 koszty wysy\u0142ki.<\/p>\n<p>91 sposob\u00f3w&#8230; prowadzi przez proces, kt\u00f3ry ja przechodz\u0119 od prawie roku, od pierwszego dnia gdy zacz\u0119\u0142am j\u0105 pisa\u0107. Proces uczenia si\u0119 sk\u0105d bra\u0107 energi\u0119 najpierw do codziennego funkcjonowania, p\u00f3\u017aniej do zrobienia czego\u015b wi\u0119cej ni\u017c tylko niezb\u0119dne minimum, a nast\u0119pnie do realizacji marze\u0144 i wielkich cel\u00f3w, tak aby ka\u017cdego dnia mie\u0107 tej energii tyle ile Ci potrzeba, aby ka\u017cdego dnia \u0142adowa\u0107 j\u0105 od nowa, szybciej i skuteczniej, i aby z czasem twoja \u017cyciowa bateria mia\u0142a coraz wi\u0119ksz\u0105 pojemno\u015b\u0107.<\/p>\n<p>91 sposob\u00f3w&#8230; to zbi\u00f3r prostych sposob\u00f3w z wyja\u015bnieniem jak je wprowadzi\u0107 w \u017cycie, nawet je\u015bli nie masz do tego dobrych warunk\u00f3w&#8230; szczeg\u00f3lnie wtedy, kiedy nie masz do tego warunk\u00f3w i nie wiesz jak to zrobi\u0107.<\/p>\n","protected":false},"excerpt":{"rendered":"<p>Ksi\u0105\u017cka &#8222;91 sposob\u00f3w jak na\u0142adowa\u0107 swoj\u0105 energi\u0119&#8221; to nie tylko zbi\u00f3r pomys\u0142\u00f3w na \u0142adowanie energii to wsparcie na ka\u017cdym etapie twojej \u017cyciowej drogi, bez wzgl\u0119du na to, czy czujesz si\u0119 wyczerpana codziennymi obowi\u0105zkami, czy zbierasz si\u0142y do realizacji wielkiego marzenia lub celu.<\/p>\n","protected":false},"featured_media":205,"comment_status":"open","ping_status":"closed","template":"","meta":{"neve_meta_sidebar":"","neve_meta_container":"","neve_meta_enable_content_width":"off","neve_meta_content_width":100,"neve_meta_title_alignment":"","neve_meta_author_avatar":"","neve_post_elements_order":"","neve_meta_disable_header":"","neve_meta_disable_footer":"","neve_meta_disable_title":""},"product_brand":[],"product_cat":[21],"product_tag":[],"class_list":{"0":"post-204","1":"product","2":"type-product","3":"status-publish","4":"has-post-thumbnail","6":"product_cat-ksiazki","8":"first","9":"instock","10":"taxable","11":"shipping-taxable","12":"purchasable","13":"product-type-simple"},"jetpack_sharing_enabled":true,"_links":{"self":[{"href":"https:\/\/elizowo.pl\/index.php\/wp-json\/wp\/v2\/product\/204","targetHints":{"allow":["GET"]}}],"collection":[{"href":"https:\/\/elizowo.pl\/index.php\/wp-json\/wp\/v2\/product"}],"about":[{"href":"https:\/\/elizowo.pl\/index.php\/wp-json\/wp\/v2\/types\/product"}],"replies":[{"embeddable":true,"href":"https:\/\/elizowo.pl\/index.php\/wp-json\/wp\/v2\/comments?post=204"}],"wp:featuredmedia":[{"embeddable":true,"href":"https:\/\/elizowo.pl\/index.php\/wp-json\/wp\/v2\/media\/205"}],"wp:attachment":[{"href":"https:\/\/elizowo.pl\/index.php\/wp-json\/wp\/v2\/media?parent=204"}],"wp:term":[{"taxonomy":"product_brand","embeddable":true,"href":"https:\/\/elizowo.pl\/index.php\/wp-json\/wp\/v2\/product_brand?post=204"},{"taxonomy":"product_cat","embeddable":true,"href":"https:\/\/elizowo.pl\/index.php\/wp-json\/wp\/v2\/product_cat?post=204"},{"taxonomy":"product_tag","embeddable":true,"href":"https:\/\/elizowo.pl\/index.php\/wp-json\/wp\/v2\/product_tag?post=204"}],"curies":[{"name":"wp","href":"https:\/\/api.w.org\/{rel}","templated":true}]}}