{"id":187,"date":"2024-05-08T11:53:06","date_gmt":"2024-05-08T11:53:06","guid":{"rendered":"https:\/\/elizowo.pl\/?post_type=product&#038;p=187"},"modified":"2025-02-09T12:49:37","modified_gmt":"2025-02-09T12:49:37","slug":"cegielki-szczescia-fundament-e-book","status":"publish","type":"product","link":"https:\/\/elizowo.pl\/index.php\/produkt\/cegielki-szczescia-fundament-e-book\/","title":{"rendered":"e-book Cegie\u0142ki szcz\u0119\u015bcia &#8211; Fundament"},"content":{"rendered":"<p>E-book nawi\u0105zuje tematyk\u0105 do ksi\u0105\u017cki W poszukiwaniu szcz\u0119\u015bcia.<\/p>\n<p>Jest on bardzo konkretny, zawiera \u0107wiczenia do wykonania.<\/p>\n<p>Dzi\u0119ki niemu zbudujesz solidny fundament swojego szcz\u0119\u015bcia.<\/p>\n<p>&nbsp;<\/p>\n<p>&nbsp;<\/p>\n<p>Dost\u0119pny ju\u017c teraz w przedsprzeda\u017cy, wysy\u0142ka na tw\u00f3j e-mail ju\u017c w t\u0105 sobot\u0119, 11.05.2024 r.<\/p>\n","protected":false},"excerpt":{"rendered":"<p>E-book nawi\u0105zuje tematyk\u0105 do ksi\u0105\u017cki W poszukiwaniu szcz\u0119\u015bcia. Jest on bardzo konkretny, zawiera \u0107wiczenia do wykonania. Dzi\u0119ki niemu zbudujesz solidny fundament swojego szcz\u0119\u015bcia. &nbsp; &nbsp; Dost\u0119pny ju\u017c teraz w przedsprzeda\u017cy, wysy\u0142ka na tw\u00f3j e-mail ju\u017c w t\u0105 sobot\u0119, 11.05.2024 r.<\/p>\n","protected":false},"featured_media":189,"comment_status":"open","ping_status":"closed","template":"","meta":{"neve_meta_sidebar":"","neve_meta_container":"","neve_meta_enable_content_width":"off","neve_meta_content_width":100,"neve_meta_title_alignment":"","neve_meta_author_avatar":"","neve_post_elements_order":"","neve_meta_disable_header":"","neve_meta_disable_footer":"","neve_meta_disable_title":""},"product_brand":[],"product_cat":[15],"product_tag":[],"class_list":{"0":"post-187","1":"product","2":"type-product","3":"status-publish","4":"has-post-thumbnail","6":"product_cat-bez-kategorii","8":"first","9":"instock","10":"sale","11":"downloadable","12":"virtual","13":"purchasable","14":"product-type-simple"},"jetpack_sharing_enabled":true,"_links":{"self":[{"href":"https:\/\/elizowo.pl\/index.php\/wp-json\/wp\/v2\/product\/187","targetHints":{"allow":["GET"]}}],"collection":[{"href":"https:\/\/elizowo.pl\/index.php\/wp-json\/wp\/v2\/product"}],"about":[{"href":"https:\/\/elizowo.pl\/index.php\/wp-json\/wp\/v2\/types\/product"}],"replies":[{"embeddable":true,"href":"https:\/\/elizowo.pl\/index.php\/wp-json\/wp\/v2\/comments?post=187"}],"wp:featuredmedia":[{"embeddable":true,"href":"https:\/\/elizowo.pl\/index.php\/wp-json\/wp\/v2\/media\/189"}],"wp:attachment":[{"href":"https:\/\/elizowo.pl\/index.php\/wp-json\/wp\/v2\/media?parent=187"}],"wp:term":[{"taxonomy":"product_brand","embeddable":true,"href":"https:\/\/elizowo.pl\/index.php\/wp-json\/wp\/v2\/product_brand?post=187"},{"taxonomy":"product_cat","embeddable":true,"href":"https:\/\/elizowo.pl\/index.php\/wp-json\/wp\/v2\/product_cat?post=187"},{"taxonomy":"product_tag","embeddable":true,"href":"https:\/\/elizowo.pl\/index.php\/wp-json\/wp\/v2\/product_tag?post=187"}],"curies":[{"name":"wp","href":"https:\/\/api.w.org\/{rel}","templated":true}]}}