{"id":55,"date":"2022-10-25T09:25:36","date_gmt":"2022-10-25T09:25:36","guid":{"rendered":"https:\/\/elizowo.pl\/?page_id=55"},"modified":"2022-10-26T07:50:55","modified_gmt":"2022-10-26T07:50:55","slug":"recenzje","status":"publish","type":"page","link":"https:\/\/elizowo.pl\/index.php\/recenzje\/","title":{"rendered":"Recenzje"},"content":{"rendered":"\n<div class=\"wp-block-columns is-layout-flex wp-container-core-columns-is-layout-9d6595d7 wp-block-columns-is-layout-flex\">\n<div class=\"wp-block-column is-layout-flow wp-block-column-is-layout-flow\" style=\"flex-basis:33.33%\"><div class=\"wp-block-image\">\n<figure class=\"aligncenter size-full is-resized\"><img loading=\"lazy\" decoding=\"async\" src=\"https:\/\/elizowo.pl\/wp-content\/uploads\/2022\/10\/307956336_5647544371956109_8277818842745094326_n.jpg\" alt=\"\" class=\"wp-image-40\" width=\"249\" height=\"491\" srcset=\"https:\/\/elizowo.pl\/wp-content\/uploads\/2022\/10\/307956336_5647544371956109_8277818842745094326_n.jpg 974w, https:\/\/elizowo.pl\/wp-content\/uploads\/2022\/10\/307956336_5647544371956109_8277818842745094326_n-300x591.jpg 300w, https:\/\/elizowo.pl\/wp-content\/uploads\/2022\/10\/307956336_5647544371956109_8277818842745094326_n-600x1183.jpg 600w, https:\/\/elizowo.pl\/wp-content\/uploads\/2022\/10\/307956336_5647544371956109_8277818842745094326_n-152x300.jpg 152w, https:\/\/elizowo.pl\/wp-content\/uploads\/2022\/10\/307956336_5647544371956109_8277818842745094326_n-519x1024.jpg 519w, https:\/\/elizowo.pl\/wp-content\/uploads\/2022\/10\/307956336_5647544371956109_8277818842745094326_n-768x1514.jpg 768w, https:\/\/elizowo.pl\/wp-content\/uploads\/2022\/10\/307956336_5647544371956109_8277818842745094326_n-779x1536.jpg 779w\" sizes=\"auto, (max-width: 249px) 100vw, 249px\" \/><\/figure>\n<\/div><\/div>\n\n\n\n<div class=\"wp-block-column is-layout-flow wp-block-column-is-layout-flow\" style=\"flex-basis:66.66%\">\n<h2 class=\"wp-block-heading\">Co m\u00f3wi\u0105 inni o mojej ksi\u0105\u017cce?<\/h2>\n\n\n\n<p><em>Eliza w swojej ksi\u0105\u017cce &#8222;W poszukiwaniu szcz\u0119\u015bcia&#8221; w spos\u00f3b otwarty i szczery uzewn\u0119trznia si\u0119 przed czytelnikiem. Pokazuje mu swoj\u0105 drog\u0119 do szcz\u0119\u015bcia, u kt\u00f3rej podstaw znajduj\u0105 si\u0119 &#8211; praca z przekonaniami, okre\u015blenie celu i misji &#8211; w swojej podr\u00f3\u017cy w kierunku szcz\u0119\u015bcia. Dzi\u0119ki temu pozwala zrozumie\u0107, \u017ce silne \u201edlaczego\u201d, oparte na wiedzy, zrozumieniu, akceptacji i uto\u017csamieniu si\u0119 z samym sob\u0105 prowadzi do g\u0142\u0119bszej relacji. Z kim? Z najwa\u017cniejsz\u0105 osob\u0105 w \u017cyciu ka\u017cdego z nas &#8211; ze samym sob\u0105.<\/em><br><em>Kwintesencj\u0105 ksi\u0105\u017cki jest moim zdaniem zdanie tam\u017ce zawarte a odnosz\u0105ce si\u0119 do poczucia szcz\u0119\u015bcia. \u201eTo tak, jak pr\u00f3bowa\u0107 zerwa\u0107 owoc z drzewa, kt\u00f3rego jeszcze si\u0119 nie posadzi\u0142o\u201d.<\/em><br><em>Dlatego je\u017celi Ty chcesz zrywa\u0107 swoje. Na start umie\u015b\u0107 swoje nasiono w ziemi.<\/em><br><em>A ta ksi\u0105\u017cka w tym w\u0142a\u015bnie mo\u017ce Tobie pom\u00f3c.&nbsp;<\/em><\/p>\n\n\n\n<p>Piotr<\/p>\n<\/div>\n<\/div>\n\n\n\n<div class=\"wp-block-columns alignfull has-neve-text-color-color has-nv-light-bg-background-color has-text-color has-background is-layout-flex wp-container-core-columns-is-layout-9d6595d7 wp-block-columns-is-layout-flex\">\n<div class=\"wp-block-column is-layout-flow wp-block-column-is-layout-flow\" style=\"flex-basis:100%\">\n<p><\/p>\n\n\n\n<h6 class=\"alignwide wp-block-heading\" style=\"font-style:normal;font-weight:400\"><em>W poszukiwaniu szcz\u0119\u015bcia to inspiruj\u0105ca pozycja, po\u0142\u0105czenie humorystycznej metafory na \u017cycie wspania\u0142ych pomys\u0142\u00f3w i praktycznych rozwi\u0105za\u0144. Wci\u0105ga do czytania, zmusza do my\u015blenia i&nbsp; korci do natychmiastowego dzia\u0142ania.<\/em><\/h6>\n\n\n\n<h6 class=\"alignwide wp-block-heading\" style=\"font-style:normal;font-weight:400\">Joanna Rudnicka-Kucharska&nbsp;<\/h6>\n<\/div>\n<\/div>\n\n\n\n<div class=\"wp-block-columns is-layout-flex wp-container-core-columns-is-layout-9d6595d7 wp-block-columns-is-layout-flex\">\n<div class=\"wp-block-column is-layout-flow wp-block-column-is-layout-flow\" style=\"flex-basis:33.33%\"><div class=\"wp-block-image\">\n<figure class=\"aligncenter size-full\"><img loading=\"lazy\" decoding=\"async\" width=\"940\" height=\"788\" src=\"https:\/\/elizowo.pl\/wp-content\/uploads\/2022\/10\/elizowo1.png\" alt=\"\" class=\"wp-image-41\" srcset=\"https:\/\/elizowo.pl\/wp-content\/uploads\/2022\/10\/elizowo1.png 940w, https:\/\/elizowo.pl\/wp-content\/uploads\/2022\/10\/elizowo1-300x251.png 300w, https:\/\/elizowo.pl\/wp-content\/uploads\/2022\/10\/elizowo1-600x503.png 600w, https:\/\/elizowo.pl\/wp-content\/uploads\/2022\/10\/elizowo1-768x644.png 768w\" sizes=\"auto, (max-width: 940px) 100vw, 940px\" \/><\/figure>\n<\/div><\/div>\n\n\n\n<div class=\"wp-block-column is-layout-flow wp-block-column-is-layout-flow\" style=\"flex-basis:66.66%\">\n<p class=\"has-text-align-left\"><em>W poszukiwaniu szcz\u0119\u015bcia<\/em>. <em>To nie jest kolejna zwyk\u0142a ksi\u0105\u017cka od specjalist\u00f3w i trener\u00f3w, kt\u00f3ra w sztywnych punktach i wymy\u015blnych definicjach z wyra\u017ceniami tak skomplikowanymi lub \u017cywcem przeniesionych z innych j\u0119zyk\u00f3w, \u017ce cz\u0142owiek zamiast zastanawia\u0107 si\u0119 nad tematem ksi\u0105\u017cki i uzyska\u0107 odpowied\u017a na pytanie to zadaje sobie pytanie \u201eco autor mia\u0142 na my\u015bli?\u201d Ksi\u0105\u017cka Elizy Kordylewicz jest inna. Napisana jest w prosty i czytelny spos\u00f3b. J\u0119zykiem zrozumia\u0142ym dla przeci\u0119tnego \u201eKowalskiego\u201d. Jest napisana dla takiej osoby jak Ty czy Ja przez osob\u0119 tak\u0105 w\u0142a\u015bnie jak My, czyli zwyk\u0142ego cz\u0142owieka z pewnym \u201ebaga\u017cem\u201d do\u015bwiadcze\u0144, kt\u00f3rymi dzieli si\u0119 z czytelnikami. W\u0142a\u015bnie to, \u017ce s\u0105 to przyk\u0142ady z w\u0142asnego \u017cycia, kt\u00f3re wielu z nas dotycz\u0105 i spotykaj\u0105 czyta si\u0119 t\u0119 ksi\u0105\u017ck\u0119 z przyjemno\u015bci\u0105. Mo\u017cna odnie\u015b\u0107 wra\u017cenie, \u017ce cz\u0142owiek zaprzyja\u017ani\u0105 si\u0119 z autork\u0105 i odnosz\u0119 wra\u017cenie, \u017ce taki tez cel mia\u0142a Eliza. Prowadzi nas przez kolejne rozdzia\u0142y jako mentor ale bardziej jako przyjaciel, kt\u00f3ry nie narzuca si\u0119 , ale daje dobre rady. Nie znajdziemy tu uniwersalnych i gotowych rozwi\u0105za\u0144, bo takich nie ma , ale Eliza prowadzi nas jak przewodnik po mapie szcz\u0119\u015bcia aby\u015bmy sami znale\u017ali a przede wszystkim zrozumieli na czym polega szcz\u0119\u015bcie, bo to jest fundamentalne pytanie od kt\u00f3rego trzeba zacz\u0105\u0107 i na kt\u00f3re odpowiada nam ta ksi\u0105\u017cka. W podr\u00f3\u017c z autork\u0105 mo\u017ce wybra\u0107 si\u0119 ka\u017cdy ale tylko ci, kt\u00f3rzy poszukuj\u0105 szcz\u0119\u015bcia, a przeczytali tony lektur i obejrzeli godziny poradnik\u00f3w i nie znale\u017ali go odnajd\u0105 spos\u00f3b w\u0142a\u015bnie przy tej lekturze. Na zako\u0144czenie jeszcze par\u0119 s\u0142\u00f3w o autorce. Eliza nie jest ekspertem nie ko\u0144czy\u0142a te\u017c szk\u00f3\u0142 i kurs\u00f3w ze \u201eszcz\u0119\u015bcia\u201d przekazuje wiedz\u0119 jak osi\u0105gn\u0119\u0142a szcz\u0119\u015bcie na podstawie swoich do\u015bwiadcze\u0144 \u017cyciowych, a mia\u0142a ich sporo. Jest osob\u0105 \u017cywio\u0142ow\u0105 troch\u0119 chaotyczn\u0105 co odczujemy przy czytaniu. Ale w\u0142a\u015bnie to \u017ce pisze z serca i to co my\u015bli i co prze\u017cy\u0142a, moim zdaniem stawia t\u0119 ksi\u0105\u017ck\u0119 ponad wszystkie inne poradniki itp. Kt\u00f3re niby poparte badaniami opiniami ekspert\u00f3w a w testach klinicznych wyniki daj\u0105 100% pewno\u015bci ze znajdziemy szcz\u0119\u015bcie, a jest w\u0142a\u015bnie przeciwnie. Dlatego polecam zapozna\u0107 si\u0119 z ksi\u0105\u017ck\u0105 Elizy bo warto pos\u0142ucha\u0107 kogo\u015b zwyk\u0142ego takiego jak Ty czy Ja ze zwyk\u0142ymi codziennymi problemami a nie \u201eko\u0142cz\u00f3w\u201d i motywator\u00f3w z wyuczonym formu\u0142kami i definicjami powtarzanymi do znudzenia. PS. Eliza bardzo lubi puzzle ;).\u00a0<\/em><\/p>\n\n\n\n<p>Bartosz<\/p>\n<\/div>\n<\/div>\n\n\n\n<div class=\"wp-block-columns alignfull is-layout-flex wp-container-core-columns-is-layout-9d6595d7 wp-block-columns-is-layout-flex\">\n<div class=\"wp-block-column has-neve-text-color-color has-nv-light-bg-background-color has-text-color has-background is-layout-flow wp-block-column-is-layout-flow\">\n<p><\/p>\n\n\n\n<h6 class=\"alignwide wp-block-heading\" style=\"font-style:normal;font-weight:400\"><em>Poch\u0142on\u0119\u0142am reszt\u0119 ksi\u0105\u017cki \ud83d\ude42 \ud83d\ude09 Do samego ko\u0144ca bardzo mi si\u0119 podoba\u0142o. Powiem tak, dla kogo\u015b, kto zaczyna przygod\u0119 z rozwojem, ogromny plus \u017ce jest to opisane kr\u00f3tko ale dok\u0142adnie. Bez zb\u0119dnego gadania, po prostu prosty przepis na to, co mo\u017cna zmieni\u0107 w swoim \u017cyciu od teraz, aby czu\u0107 si\u0119 bardziej szcz\u0119\u015bliwym i spe\u0142nionym <img decoding=\"async\" style=\"width: 12px;\" src=\"https:\/\/fonts.gstatic.com\/s\/e\/notoemoji\/14.0\/2764\/72.png\" alt=\"\u2764\">. Bardzo trafne i przemawiaj\u0105ce przyk\u0142ady. Bardzo podoba\u0142o mi si\u0119 \u0107wiczenie z wypisywaniem plus\u00f3w i minus\u00f3w rzeczy na kt\u00f3re narzekamy &#8211; nie zna\u0142am go, a bardzo mi si\u0119 podoba.<\/em><br><em>Ksi\u0105\u017cka warta polecenia ka\u017cdemu, kto chce znale\u017a\u0107 swoje szcz\u0119\u015bcie, kt\u00f3re ca\u0142y czas ma w zasi\u0119gu r\u0119ki a go nie dostrzega. Jestem ogromnie wdzi\u0119czna, \u017ce ta ksi\u0105\u017cka do mnie trafi\u0142a i jestem przekonana \u017ce nie jedna osoba dostanie j\u0105 ode mnie w prezencie<img decoding=\"async\" style=\"width: 12px;\" src=\"https:\/\/fonts.gstatic.com\/s\/e\/notoemoji\/14.0\/2764\/72.png\" alt=\"\u2764\"><img decoding=\"async\" style=\"width: 12px;\" src=\"https:\/\/fonts.gstatic.com\/s\/e\/notoemoji\/14.0\/2764\/72.png\" alt=\"\u2764\"> <\/em><\/h6>\n\n\n\n<h6 class=\"alignwide wp-block-heading\" style=\"font-style:normal;font-weight:400\">Ania<\/h6>\n<\/div>\n<\/div>\n\n\n\n<div class=\"wp-block-buttons is-content-justification-center is-layout-flex wp-container-core-buttons-is-layout-16018d1d wp-block-buttons-is-layout-flex\">\n<div class=\"wp-block-button has-custom-width wp-block-button__width-50\"><a class=\"wp-block-button__link has-neve-link-color-background-color has-background\">Kupuj\u0119 ksi\u0105\u017ck\u0119!<\/a><\/div>\n<\/div>\n","protected":false},"excerpt":{"rendered":"<p>Co m\u00f3wi\u0105 inni o mojej ksi\u0105\u017cce? Eliza w swojej ksi\u0105\u017cce &#8222;W poszukiwaniu szcz\u0119\u015bcia&#8221; w spos\u00f3b otwarty i szczery uzewn\u0119trznia si\u0119 przed czytelnikiem. Pokazuje mu swoj\u0105 drog\u0119 do szcz\u0119\u015bcia, u kt\u00f3rej podstaw znajduj\u0105 si\u0119 &#8211; praca z przekonaniami, okre\u015blenie celu i misji &#8211; w swojej podr\u00f3\u017cy w kierunku szcz\u0119\u015bcia. Dzi\u0119ki temu pozwala zrozumie\u0107, \u017ce silne \u201edlaczego\u201d,&hellip;&nbsp;<a href=\"https:\/\/elizowo.pl\/index.php\/recenzje\/\" class=\"\" rel=\"bookmark\">Czytaj dalej &raquo;<span class=\"screen-reader-text\">Recenzje<\/span><\/a><\/p>\n","protected":false},"author":2,"featured_media":0,"parent":0,"menu_order":0,"comment_status":"closed","ping_status":"closed","template":"","meta":{"neve_meta_sidebar":"","neve_meta_container":"","neve_meta_enable_content_width":"","neve_meta_content_width":0,"neve_meta_title_alignment":"","neve_meta_author_avatar":"","neve_post_elements_order":"","neve_meta_disable_header":"","neve_meta_disable_footer":"","neve_meta_disable_title":"","footnotes":""},"class_list":["post-55","page","type-page","status-publish","hentry"],"jetpack_sharing_enabled":true,"_links":{"self":[{"href":"https:\/\/elizowo.pl\/index.php\/wp-json\/wp\/v2\/pages\/55","targetHints":{"allow":["GET"]}}],"collection":[{"href":"https:\/\/elizowo.pl\/index.php\/wp-json\/wp\/v2\/pages"}],"about":[{"href":"https:\/\/elizowo.pl\/index.php\/wp-json\/wp\/v2\/types\/page"}],"author":[{"embeddable":true,"href":"https:\/\/elizowo.pl\/index.php\/wp-json\/wp\/v2\/users\/2"}],"replies":[{"embeddable":true,"href":"https:\/\/elizowo.pl\/index.php\/wp-json\/wp\/v2\/comments?post=55"}],"version-history":[{"count":4,"href":"https:\/\/elizowo.pl\/index.php\/wp-json\/wp\/v2\/pages\/55\/revisions"}],"predecessor-version":[{"id":71,"href":"https:\/\/elizowo.pl\/index.php\/wp-json\/wp\/v2\/pages\/55\/revisions\/71"}],"wp:attachment":[{"href":"https:\/\/elizowo.pl\/index.php\/wp-json\/wp\/v2\/media?parent=55"}],"curies":[{"name":"wp","href":"https:\/\/api.w.org\/{rel}","templated":true}]}}