{"id":36,"date":"2022-10-25T08:09:38","date_gmt":"2022-10-25T08:09:38","guid":{"rendered":"https:\/\/elizowo.pl\/?page_id=36"},"modified":"2022-11-15T10:29:11","modified_gmt":"2022-11-15T10:29:11","slug":"regulamin-sklepu","status":"publish","type":"page","link":"https:\/\/elizowo.pl\/index.php\/regulamin-sklepu\/","title":{"rendered":"Regulamin sklepu"},"content":{"rendered":"\n<p>Niniejszy Regulamin okre\u015bla og\u00f3lne warunki, zasady oraz spos\u00f3b sprzeda\u017cy prowadzonej przez Eliz\u0119 Kordylewicz prowadz\u0105c\u0105 dzia\u0142alno\u015b\u0107 nierejestrowan\u0105, za po\u015brednictwem sklepu internetowego www.elizowo.pl (zwanego dalej: \u201eSklepem Internetowym\u201d) oraz okre\u015bla zasady i warunki \u015bwiadczenia przez Eliz\u0119 Kordylewicz prowadz\u0105c\u0105 dzia\u0142alno\u015b\u0107 nierejestrowan\u0105 us\u0142ug nieodp\u0142atnych drog\u0105 elektroniczn\u0105.<\/p>\n\n\n\n<h3 class=\"wp-block-heading\">\u00a7 1 Definicje<\/h3>\n\n\n\n<ol class=\"wp-block-list\">\n<li>Dni robocze \u2013 oznacza dni tygodnia od poniedzia\u0142ku do pi\u0105tku z wy\u0142\u0105czeniem dni ustawowo wolnych od pracy.<\/li>\n\n\n\n<li>Has\u0142o \u2013 oznacza ci\u0105g znak\u00f3w literowych, cyfrowych lub innych, wykorzystywanych w celu zabezpieczenia dost\u0119pu do Konta Klienta w Sklepie Internetowym<\/li>\n\n\n\n<li>Klient \u2013 oznacza podmiot, na rzecz kt\u00f3rego zgodnie z Regulaminem i przepisami prawa mog\u0105 by\u0107 \u015bwiadczone us\u0142ugi drog\u0105 elektroniczn\u0105 lub z kt\u00f3rym zawarta mo\u017ce by\u0107 Umowa sprzeda\u017cy.<\/li>\n\n\n\n<li>Konsument \u2013 oznacza osob\u0119 fizyczn\u0105 dokonuj\u0105c\u0105 z przedsi\u0119biorc\u0105 czynno\u015bci prawnej niezwi\u0105zanej bezpo\u015brednio z jej dzia\u0142alno\u015bci\u0105 gospodarcz\u0105 lub zawodow\u0105.<\/li>\n\n\n\n<li>Konto Klienta \u2013 oznacza indywidualny dla ka\u017cdego Klienta panel, uruchomiony na jego rzecz przez Sprzedawc\u0119, w ramach Sklepu Internetowego<\/li>\n\n\n\n<li>Login \u2013 oznacza indywidualne oznaczenie Klienta, przez niego ustalone, sk\u0142adaj\u0105ce si\u0119 z ci\u0105gu znak\u00f3w literowych, cyfrowych lub innych, wymagane wraz z Has\u0142em do za\u0142o\u017cenia Konta Klienta w Sklepie Internetowym. Login jest w\u0142a\u015bciwym adresem poczty elektronicznej Klienta.<\/li>\n\n\n\n<li>Materia\u0142y szkoleniowe \u2013 oznaczaj\u0105 Tre\u015bci cyfrowe udost\u0119pniane przez Sprzedawc\u0119 za po\u015brednictwem Strony Internetowej Sklepu, kt\u00f3re mog\u0105 by\u0107 przedmiotem Umowy sprzeda\u017cy. Materia\u0142y dotycz\u0105 informacji z zakresu obs\u0142ugi platformy WordPress.<\/li>\n\n\n\n<li>Przedsi\u0119biorca \u2013 oznacza osob\u0119 fizyczn\u0105, osob\u0119 prawn\u0105 lub jednostk\u0119 organizacyjn\u0105 nieb\u0119d\u0105c\u0105 osob\u0105 prawn\u0105, kt\u00f3rej ustawa przyznaje zdolno\u015b\u0107 prawn\u0105, prowadz\u0105c\u0105 we w\u0142asnym imieniu dzia\u0142alno\u015b\u0107 gospodarcz\u0105 lub zawodow\u0105 i dokonuj\u0105c\u0105 czynno\u015bci prawnej zwi\u0105zan\u0105 bezpo\u015brednio z jej dzia\u0142alno\u015bci\u0105 gospodarcz\u0105 lub zawodow\u0105.<\/li>\n\n\n\n<li>Regulamin \u2013 oznacza niniejszy regulamin.<\/li>\n\n\n\n<li>Sprzedawca \u2013 oznacza Eliz\u0119 Kordylewicz prowadz\u0105c\u0105 dzia\u0142alno\u015b\u0107 nierejestrowan\u0105, email: elizowokontakt@gmail.com, b\u0119d\u0105c\u0105 jednocze\u015bnie w\u0142a\u015bcicielem sklepu Internetowego.<\/li>\n\n\n\n<li>Strona Internetowa sklepu \u2013 oznacza strony internetowe, pod kt\u00f3rymi Sprzedawca prowadzi Sklep Internetowy, dzia\u0142aj\u0105ce w domenie www.elizowo.pl.<\/li>\n\n\n\n<li>Tre\u015b\u0107 cyfrowa \u2013 oznacza dane wytwarzane i dostarczane w postaci cyfrowej, b\u0119d\u0105ce przejawem dzia\u0142alno\u015bci tw\u00f3rczej o indywidualnym charakterze, ustalone w jakiejkolwiek postaci, niezale\u017cnie od warto\u015bci, przeznaczenia i sposobu wyra\u017cenia.<\/li>\n\n\n\n<li>Trwa\u0142y no\u015bnik \u2013 oznacza materia\u0142 lub narz\u0119dzie umo\u017cliwiaj\u0105ce Klientowi lub Sprzedawcy przechowywanie informacji kierowanych osobi\u015bcie do niego, w spos\u00f3b umo\u017cliwiaj\u0105cy dost\u0119p do informacji w przysz\u0142o\u015bci przez czas odpowiedni do cel\u00f3w, jakim te informacje s\u0142u\u017c\u0105, i kt\u00f3re pozwalaj\u0105 na odtworzenie przechowywanych informacji w niezmienionej postaci.<\/li>\n\n\n\n<li>Umowa sprzeda\u017cy \u2013 oznacza umow\u0119 sprzeda\u017cy zawart\u0105 na odleg\u0142o\u015b\u0107, na zasadach okre\u015blonych w Regulaminie, mi\u0119dzy Klientem a Sprzedawc\u0105.<\/li>\n<\/ol>\n\n\n\n<h3 class=\"wp-block-heading\">\u00a7 2 Postanowienia og\u00f3lne i korzystanie ze Sklepu Internetowego<\/h3>\n\n\n\n<ol class=\"wp-block-list\">\n<li>Wszelkie prawa do Sklepu Internetowego, w tym maj\u0105tkowe prawa autorskie, prawa w\u0142asno\u015bci intelektualnej do jego nazwy, jego domeny internetowej, Strony Internetowej Sklepu, a tak\u017ce do wzorc\u00f3w, formularzy, logotyp\u00f3w zamieszczanych na Stronie Internetowej Sklepu (za wyj\u0105tkiem logotyp\u00f3w i zdj\u0119\u0107 prezentowanych na Stronie Internetowej Sklepu w celach prezentacji towar\u00f3w, do kt\u00f3rych to prawa autorskie nale\u017c\u0105 do podmiot\u00f3w trzecich) nale\u017c\u0105 do Sprzedawcy, a korzystanie z nich mo\u017ce nast\u0119powa\u0107 wy\u0142\u0105cznie w spos\u00f3b okre\u015blony i zgodny z Regulaminem oraz za zgod\u0105 Sprzedawcy wyra\u017con\u0105 na pi\u015bmie.<\/li>\n\n\n\n<li>Sprzedawca do\u0142o\u017cy stara\u0144, aby korzystanie ze Sklepu Internetowego by\u0142o mo\u017cliwe dla u\u017cytkownik\u00f3w Internetu z u\u017cyciem wszystkich popularnych przegl\u0105darek internetowych, system\u00f3w operacyjnych, typ\u00f3w urz\u0105dze\u0144 oraz typ\u00f3w po\u0142\u0105cze\u0144 internetowych. Minimalne wymagania techniczne umo\u017cliwiaj\u0105ce korzystanie ze Strony Internetowej Sklepu to przegl\u0105darka internetowa w wersji co najmniej Internet Explorer 11 lub Chrome 39 lub FireFox 34 lub Opera 26 lub Safari 5 lub nowszych, z w\u0142\u0105czon\u0105 obs\u0142ug\u0105 j\u0119zyka Javascript, akceptuj\u0105ca pliki typu \u201ecookies\u201d oraz \u0142\u0105cze internetowe o przepustowo\u015bci co najmniej 256 kbit\/s. Strona Internetowa Sklepu jest zoptymalizowana dla minimalnej rozdzielczo\u015bci ekranu 1024\u00d7768 pikseli.<\/li>\n\n\n\n<li>Sprzedawca stosuje mechanizm plik\u00f3w \u201ecookies\u201d, kt\u00f3re podczas korzystania przez Klient\u00f3w ze Strony Internetowej Sklepu, zapisywane s\u0105 przez serwer Sprzedawcy na dysku twardym urz\u0105dzenia ko\u0144cowego Klienta. Stosowanie plik\u00f3w \u201ecookies\u201d ma na celu poprawne dzia\u0142anie Strony Internetowej Sklepu na urz\u0105dzeniach ko\u0144cowych Klient\u00f3w. Mechanizm ten nie niszczy urz\u0105dzenia ko\u0144cowego Klienta oraz nie powoduje zmian konfiguracyjnych w urz\u0105dzeniach ko\u0144cowych Klient\u00f3w ani w oprogramowaniu zainstalowanym na tych urz\u0105dzeniach. Ka\u017cdy Klient mo\u017ce wy\u0142\u0105czy\u0107 mechanizm \u201ecookies\u201d w przegl\u0105darce internetowej swojego urz\u0105dzenia ko\u0144cowego. Sprzedawca wskazuje, \u017ce wy\u0142\u0105czenie \u201ecookies\u201d mo\u017ce jednak spowodowa\u0107 utrudnienia lub uniemo\u017cliwi\u0107 korzystanie ze Strony Internetowej Sklepu.<\/li>\n\n\n\n<li>W celu z\u0142o\u017cenia zam\u00f3wienia w Sklepie Internetowym za po\u015brednictwem Strony Internetowej Sklepu oraz w celu korzystania z us\u0142ug \u015bwiadczonych drog\u0105 elektroniczn\u0105 za po\u015brednictwem Strony Internetowej Sklepu, konieczne jest posiadanie przez Klienta aktywnego konta poczty elektronicznej.<\/li>\n\n\n\n<li>Celem korzystania z Materia\u0142\u00f3w Szkoleniowych udost\u0119pnionych na Stronie Internetowej Sklep\u00f3w i zakupionych przez Klienta w formie elektronicznej, wymagane jest \u0142\u0105cze internetowe o minimalnej pr\u0119dko\u015bci 3 Mb\/s.<\/li>\n\n\n\n<li>Zakazane jest dostarczanie przez Klienta tre\u015bci o charakterze bezprawnym oraz wykorzystywanie przez Klienta Sklepu Internetowego, Strony Internetowej Sklepu lub us\u0142ug nieodp\u0142atnych \u015bwiadczonych przez Sprzedawc\u0119, w spos\u00f3b sprzeczny z prawem, dobrymi obyczajami lub naruszaj\u0105cy dobra osobiste os\u00f3b trzecich.<\/li>\n\n\n\n<li>Sprzedawca o\u015bwiadcza, i\u017c publiczny charakter sieci Internet i korzystanie z us\u0142ug \u015bwiadczonych drog\u0105 elektroniczn\u0105 wi\u0105za\u0107 mo\u017ce si\u0119 z zagro\u017ceniem pozyskania i modyfikowania danych Klient\u00f3w przez osoby nieuprawnione, dlatego Klienci powinni stosowa\u0107 w\u0142a\u015bciwe \u015brodki techniczne, kt\u00f3re zminimalizuj\u0105 wskazane wy\u017cej zagro\u017cenia. W szczeg\u00f3lno\u015bci powinni stosowa\u0107 programy antywirusowe i chroni\u0105ce to\u017csamo\u015b\u0107 korzystaj\u0105cych z sieci Internet. Sprzedawca nigdy nie zwraca si\u0119 do Klienta z pro\u015bb\u0105 o udost\u0119pnienie mu w jakiejkolwiek formie Has\u0142a.<\/li>\n<\/ol>\n\n\n\n<h3 class=\"wp-block-heading\">\u00a7 3 Zam\u00f3wienia<\/h3>\n\n\n\n<ol class=\"wp-block-list\">\n<li>Informacje zawarte na Stronie Internetowej Sklepu nie stanowi\u0105 oferty Sprzedawcy w rozumieniu Kodeksu cywilnego, a jedynie zaproszenie Klient\u00f3w do sk\u0142adania ofert zawarcia Umowy sprzeda\u017cy.<\/li>\n\n\n\n<li>Klient sk\u0142adaj\u0105cy zam\u00f3wienie za po\u015brednictwem Strony Internetowej Sklepu, kompletuje zam\u00f3wienie wybieraj\u0105c Materia\u0142y Szkoleniowe, kt\u00f3rymi jest zainteresowany. Dodanie Materia\u0142\u00f3w Szkoleniowych do zam\u00f3wienia nast\u0119puje przez wyb\u00f3r polecenia \u201eDodaj do koszyka\u201d pod danym Materia\u0142em Szkoleniowym prezentowanym na Stronie Internetowej Sklepu. Klient po skompletowaniu ca\u0142o\u015bci zam\u00f3wienia sk\u0142ada je przez wys\u0142anie formularza zam\u00f3wienia do Sprzedawcy, wybieraj\u0105c na Stronie Internetowej Sklepu przycisk \u201eKUPUJ\u0118 I P\u0141AC\u0118\u201d. Ka\u017cdorazowo przed wysy\u0142k\u0105 zam\u00f3wienia do Sprzedawcy, Klient jest informowany o sposobie p\u0142atno\u015bci, \u0142\u0105cznej cenie za wybrane Materia\u0142y Szkoleniowe, jak te\u017c o wszystkich dodatkowych kosztach jakie jest zobowi\u0105zany ponie\u015b\u0107 w zwi\u0105zku z Umow\u0105 sprzeda\u017cy.<\/li>\n\n\n\n<li>Ka\u017cdorazowo przed z\u0142o\u017ceniem zam\u00f3wienia, Klient jest informowany przez jaki okres zakupione Materia\u0142y Szkoleniowe b\u0119d\u0105 udost\u0119pnione za po\u015brednictwem Strony Internetowej Sklepu. Z\u0142o\u017cenie zam\u00f3wienia stanowi z\u0142o\u017cenie Sprzedawcy przez Klienta oferty zawarcia Umowy sprzeda\u017cy Materia\u0142u Szkoleniowego b\u0119d\u0105cego przedmiotem zam\u00f3wienia.<\/li>\n\n\n\n<li>Po z\u0142o\u017ceniu zam\u00f3wienia, Sprzedawca przesy\u0142a na podany przez Klienta adres poczty elektronicznej informacj\u0119 o przyj\u0119ciu zam\u00f3wienia do realizacji jest o\u015bwiadczeniem Sprzedawcy o przyj\u0119ciu oferty, o kt\u00f3rej mowa w \u00a73 ust. 3 powy\u017cej i z chwil\u0105 jego otrzymania przez Klienta zostaje zawarta Umowa sprzeda\u017cy.<\/li>\n\n\n\n<li>Sprzedawca, po zawarciu Umowy sprzeda\u017cy przesy\u0142a na adres poczty elektronicznej klienta Login oraz Has\u0142o, kt\u00f3re umo\u017cliwi\u0105 mu zalogowanie si\u0119 do utworzonego na jego rzecz przez Sprzedawc\u0119 Konta Klienta, gdzie Klient b\u0119dzie mia\u0142 dost\u0119p do Materia\u0142\u00f3w Szkoleniowych przez okre\u015blony w Umowie sprzeda\u017cy okres czasu. Materia\u0142y Szkoleniowe zostan\u0105 udost\u0119pnione po dokonaniu p\u0142atno\u015bci przez Klienta.<\/li>\n\n\n\n<li>Klient przed wys\u0142aniem zam\u00f3wienia, poprzez zaznaczenie odpowiedniego pola w formularzu zam\u00f3wienia, mo\u017ce wyrazi\u0107 zgod\u0119 na dostarczanie mu Tre\u015bci cyfrowych przed up\u0142ywem terminu na odst\u0105pienie od Umowy sprzeda\u017cy.<\/li>\n\n\n\n<li>Po zawarciu Umowy sprzeda\u017cy, Sprzedawca potwierdza Klientowi jej warunki, przesy\u0142aj\u0105c je na Trwa\u0142ym no\u015bniku na adres poczty elektronicznej Klienta.<\/li>\n<\/ol>\n\n\n\n<h3 class=\"wp-block-heading\">\u00a7 4 P\u0142atno\u015bci<\/h3>\n\n\n\n<ol class=\"wp-block-list\">\n<li>Ceny na Stronie Internetowej Sklepu zamieszczone przy danym Materiale Szkoleniowym stanowi\u0105 ceny brutto i okre\u015blone s\u0105 w z\u0142otych polskich.<\/li>\n\n\n\n<li>Klient dokonuje p\u0142atno\u015bci za Materia\u0142y Szkoleniowe przelewem bankowym na konto bankowe przesy\u0142ane mailem po z\u0142o\u017ceniu zam\u00f3wienia w Sklepie internetowym.<\/li>\n\n\n\n<li>Klient powinien dokona\u0107 p\u0142atno\u015bci za zam\u00f3wienie w wysoko\u015bci wynikaj\u0105cej z zawartej Umowy sprzeda\u017cy w terminie 1 Dnia Roboczego.<\/li>\n\n\n\n<li>Sprzedawca na adres poczty elektronicznej Klienta podany w formularzu rejestracyjnym, przesy\u0142a faktur\u0119 obejmuj\u0105c\u0105 zam\u00f3wione materia\u0142y. W przypadku Materia\u0142\u00f3w Szkoleniowych Klient otrzymuje wraz z faktur\u0105 materia\u0142y w formie pliku elektronicznego w formacie PDF. W celu otwarcia pliku Klient powinien posiada\u0107 bezp\u0142atne oprogramowanie kompatybilne z formatem PDF. Sprzedawca rekomenduje w tym celu program Adobe Acrobat Reader, kt\u00f3re mo\u017cna pobra\u0107 bezp\u0142atnie pod adresem http:\/\/www.adobe.com. W przypadku kursu online klient otrzymuje link z dost\u0119pem do wykupionego kursu online.<\/li>\n<\/ol>\n\n\n\n<h3 class=\"wp-block-heading\">\u00a7 5 Reklamacje<\/h3>\n\n\n\n<ol class=\"wp-block-list\">\n<li>Wszelkie reklamacje zwi\u0105zane z Materia\u0142ami Szkoleniowymi lub realizacj\u0105 Umowy sprzeda\u017cy, Klient mo\u017ce kierowa\u0107 w formie pisemnej na adres Sprzedawcy.<\/li>\n\n\n\n<li>Sprzedawca, w ci\u0105gu 14 dni od dnia \u017c\u0105dania zawieraj\u0105cego reklamacj\u0119 ustosunkuje si\u0119 do reklamacji Materia\u0142u Szkoleniowego lub reklamacji zwi\u0105zanej z realizacj\u0105 Umowy sprzeda\u017cy zg\u0142oszonej przez Klienta.<\/li>\n\n\n\n<li>Klient mo\u017ce zg\u0142osi\u0107 Sprzedawcy reklamacj\u0119 w zwi\u0105zku z korzystaniem z us\u0142ug nieodp\u0142atnych \u015bwiadczonych drog\u0105 elektroniczn\u0105 przez Sprzedawc\u0119. Reklamacja mo\u017ce by\u0107 z\u0142o\u017cona w formie elektronicznej i przes\u0142ana na adres elektroniczny Sprzedawcy. W zg\u0142oszeniu reklamacyjnym Klient winien zawrze\u0107 swoje dane kontaktowe oraz opis zaistnia\u0142ego problemu. Sprzedawca niezw\u0142ocznie, lecz nie p\u00f3\u017aniej ni\u017c w terminie 14 (czterna\u015bcie) dni rozpatruje reklamacje i udziela odpowiedzi na adres poczty elektronicznej Klienta, podany w zg\u0142oszeniu reklamacji.<\/li>\n<\/ol>\n\n\n\n<h3 class=\"wp-block-heading\">\u00a7 6 Odst\u0105pienie od Umowy sprzeda\u017cy<\/h3>\n\n\n\n<p>Prawo odst\u0105pienia od Umowy sprzeda\u017cy nie przys\u0142uguje Klientowi b\u0119d\u0105cemu Konsumentem w odniesieniu do um\u00f3w o dostarczanie Tre\u015bci cyfrowych, kt\u00f3re nie s\u0105 zapisane na no\u015bniku materialnym, je\u017celi spe\u0142nianie \u015bwiadczenia rozpocz\u0119\u0142o si\u0119 za wyra\u017an\u0105 zgoda Konsumenta przed up\u0142ywem terminu do odst\u0105pienia od umowy.<\/p>\n\n\n\n<h3 class=\"wp-block-heading\">\u00a7 7 Us\u0142ugi nieodp\u0142atne<\/h3>\n\n\n\n<ol class=\"wp-block-list\">\n<li>Sprzedawca \u015bwiadczy na rzecz Klient\u00f3w, drog\u0105 elektroniczn\u0105 us\u0142ug\u0119 nieodp\u0142atn\u0105 Prowadzenie Konta Klienta.<\/li>\n\n\n\n<li>Us\u0142uga wskazana w \u00a77 ust. 1 powy\u017cej \u015bwiadczona jest 24 godziny na dob\u0119, 7 dni w tygodniu.<\/li>\n\n\n\n<li>Sprzedawca zastrzega sobie mo\u017cliwo\u015b\u0107 wyboru i zmiany rodzaju, form, czasu oraz sposobu udzielania dost\u0119pu do wybranych wymienionych us\u0142ug, o czym poinformuje Klient\u00f3w w spos\u00f3b w\u0142a\u015bciwy dla zmiany Regulaminu.<\/li>\n\n\n\n<li>Us\u0142uga Prowadzenie Konta Klienta dost\u0119pna jest po dokonaniu zakupu zgodnie z \u00a73 ust. 5 i polega na udost\u0119pnieniu Klientowi dedykowanego panelu w ramach Strony Internetowej Sklepu, umo\u017cliwiaj\u0105cego Klientowi uzyskanie dost\u0119pu do Materia\u0142\u00f3w Szkoleniowych zakupionych w ramach Umowy sprzeda\u017cy.<\/li>\n\n\n\n<li>Klient mo\u017ce zg\u0142osi\u0107 Sprzedawcy \u017c\u0105danie usuni\u0119cia Konta Klienta, przy czym w przypadku zg\u0142oszenia \u017c\u0105dania usuni\u0119cia Konta Klienta przez Sprzedawc\u0119, mo\u017ce ono zosta\u0107 usuni\u0119te do 14 dni od zg\u0142oszenia \u017c\u0105dania.<\/li>\n\n\n\n<li>Sprzedawca jest uprawniony do zablokowania dost\u0119pu do Konta Klienta i us\u0142ug nieodp\u0142atnych, w przypadku dzia\u0142ania przez Klienta na szkod\u0119 Sprzedawcy lub innych Klient\u00f3w, naruszenia przez Klienta przepis\u00f3w prawa lub postanowie\u0144 Regulaminu, a tak\u017ce, gdy zablokowanie dost\u0119pu do Konta Klienta i us\u0142ug nieodp\u0142atnych jest uzasadnione wzgl\u0119dami bezpiecze\u0144stwa \u2013 w szczeg\u00f3lno\u015bci: prze\u0142amywaniem przez Klienta zabezpiecze\u0144 Strony Internetowej Sklepu lub innymi dzia\u0142aniami hakerskimi. Zablokowanie dost\u0119pu do Konta Klienta i us\u0142ug nieodp\u0142atnych z wymienionych przyczyn trwa przez okres niezb\u0119dny do rozwi\u0105zania kwestii stanowi\u0105cej podstaw\u0119 zablokowania dost\u0119pu do Konta Klienta i us\u0142ug nieodp\u0142atnych. Sprzedawca zawiadamia Klienta o zablokowaniu dost\u0119pu do Konta Klienta i us\u0142ug nieodp\u0142atnych drog\u0105 elektroniczn\u0105 na adres podany przez Klienta w formularzu rejestracyjnym.<\/li>\n<\/ol>\n\n\n\n<h3 class=\"wp-block-heading\">\u00a7 8 Ochrona danych osobowych<\/h3>\n\n\n\n<ol class=\"wp-block-list\">\n<li>Administratorem danych osobowych Klient\u00f3w przekazanych Sprzedawcy dobrowolnie w ramach sk\u0142adanych zam\u00f3wie\u0144 oraz w ramach \u015bwiadczenia przez Sprzedawc\u0119 us\u0142ug drog\u0105 elektroniczn\u0105 lub w ramach innych okoliczno\u015bci okre\u015blonych w Regulaminie, jest Sprzedawca.<\/li>\n\n\n\n<li>Sprzedawca przetwarza dane osobowe Klient\u00f3w w celu realizacji zam\u00f3wie\u0144, \u015bwiadczenia przez Sprzedawc\u0119 us\u0142ug drog\u0105 elektroniczn\u0105 oraz innych cel\u00f3w okre\u015blonych w Regulaminie. Dane s\u0105 przetwarzane wy\u0142\u0105cznie na podstawie przepis\u00f3w prawa lub zgody wyra\u017conej przez Klienta zgodnie z obowi\u0105zuj\u0105cymi przepisami prawa.<\/li>\n\n\n\n<li>Zbi\u00f3r danych osobowych przekazanych Sprzedawcy zg\u0142aszany jest przez Sprzedawc\u0119 Generalnemu Inspektorowi Ochrony Danych Osobowych.<\/li>\n\n\n\n<li>Klient przekazuje swoje dane osobowe Sprzedawcy dobrowolnie, z tym jednak zastrze\u017ceniem, \u017ce niepodanie okre\u015blonych danych w procesie sk\u0142adania zam\u00f3wienia uniemo\u017cliwia jego z\u0142o\u017cenie i realizacj\u0119.<\/li>\n\n\n\n<li>Ka\u017cdy kto przeka\u017ce Sprzedawcy swoje dane osobowe, ma prawo dost\u0119pu do ich tre\u015bci oraz do ich poprawiania.<\/li>\n\n\n\n<li>Sprzedawca zapewnia mo\u017cliwo\u015b\u0107 usuni\u0119cia danych osobowych z prowadzonego zbioru, w szczeg\u00f3lno\u015bci w przypadku usuni\u0119cia Konta Klienta. Sprzedawca mo\u017ce odm\u00f3wi\u0107 usuni\u0119cia danych osobowych, je\u017celi Klient nie uregulowa\u0142 wszystkich nale\u017cno\u015bci wobec Sprzedawcy lub naruszy\u0142 obowi\u0105zuj\u0105ce przepisy prawa, a zachowanie danych osobowych jest niezb\u0119dne do wyja\u015bnienia tych okoliczno\u015bci i ustalenia odpowiedzialno\u015bci Klienta.<\/li>\n\n\n\n<li>Sprzedawca chroni przekazane mu dane osobowe oraz dok\u0142ada wszelkich stara\u0144 w celu zabezpieczenia ich przed nieuprawnionym dost\u0119pem lub wykorzystaniem.<\/li>\n<\/ol>\n\n\n\n<h3 class=\"wp-block-heading\">\u00a7 9 Rozwi\u0105zanie umowy (nie dotyczy Um\u00f3w sprzeda\u017cy)<\/h3>\n\n\n\n<ol class=\"wp-block-list\">\n<li>Zar\u00f3wno Klient, jak i Sprzedawca mog\u0105 rozwi\u0105za\u0107 umow\u0119 o \u015bwiadczenie us\u0142ug drog\u0105 elektroniczn\u0105 w ka\u017cdym czasie i bez podania przyczyn, z zastrze\u017ceniem zachowania praw nabytych przez drug\u0105 stron\u0119 przed rozwi\u0105zaniem ww. umowy oraz postanowie\u0144 poni\u017cej.<\/li>\n\n\n\n<li>Klient rozwi\u0105zuje umow\u0119 o \u015bwiadczenie us\u0142ug drog\u0105 elektroniczn\u0105, poprzez zg\u0142oszenie Sprzedawcy stosownego o\u015bwiadczenia woli, przy u\u017cyciu dowolnego \u015brodka komunikacji na odleg\u0142o\u015b\u0107, umo\u017cliwiaj\u0105cego zapoznanie si\u0119 Sprzedawcy z o\u015bwiadczeniem woli Klienta.<\/li>\n\n\n\n<li>Sprzedawca wypowiada umow\u0119 o \u015bwiadczenie us\u0142ug drog\u0105 elektroniczn\u0105 poprzez wys\u0142anie do Klienta stosownego o\u015bwiadczenia woli na adres poczty elektronicznej podany przez Klienta podczas sk\u0142adania zam\u00f3wienia.<\/li>\n<\/ol>\n\n\n\n<h3 class=\"wp-block-heading\">\u00a7 10 Postanowienia ko\u0144cowe<\/h3>\n\n\n\n<ol class=\"wp-block-list\">\n<li>Sprzedawca ponosi odpowiedzialno\u015b\u0107 z tytu\u0142u niewykonania lub nienale\u017cytego wykonania umowy, lecz w przypadku um\u00f3w zawieranych z Klientami b\u0119d\u0105cymi Przedsi\u0119biorcami Sprzedawca ponosi odpowiedzialno\u015b\u0107 tylko w przypadku umy\u015blnego wyrz\u0105dzenia szkody i w granicach rzeczywi\u015bcie poniesionych strat przez Klienta b\u0119d\u0105cego Przedsi\u0119biorc\u0105.<\/li>\n\n\n\n<li>Tre\u015b\u0107 niniejszego Regulaminu mo\u017ce zosta\u0107 utrwalona poprzez wydrukowanie, zapisanie na no\u015bniku lub pobranie w ka\u017cdej chwili ze Strony Internetowej Sklepu.<\/li>\n\n\n\n<li>W przypadku powstania sporu na gruncie zawartej Umowy sprzeda\u017cy, strony b\u0119d\u0105 d\u0105\u017cy\u0142y do rozwi\u0105zania sprawy polubownie. Prawem w\u0142a\u015bciwym dla rozstrzygania wszelkich spor\u00f3w powsta\u0142ych na gruncie niniejszego Regulaminu jest prawo polskie.<\/li>\n\n\n\n<li>Ka\u017cdy Klient mo\u017ce skorzysta\u0107 z pozas\u0105dowych sposob\u00f3w rozpatrywania reklamacji i dochodzenia roszcze\u0144. W tym zakresie mo\u017cliwe jest skorzystanie przez Klienta z mediacji. Listy sta\u0142ych mediator\u00f3w oraz istniej\u0105cych o\u015brodk\u00f3w mediacyjnych przekazywane s\u0105 i udost\u0119pniane przez Prezes\u00f3w w\u0142a\u015bciwych S\u0105d\u00f3w Okr\u0119gowych.<\/li>\n\n\n\n<li>Sprzedawca zastrzega sobie prawo zmiany niniejszego Regulaminu. Wszystkie zam\u00f3wienia przyj\u0119te przez Sprzedawc\u0119 do realizacji przed dniem wej\u015bcia w \u017cycie nowego Regulaminu s\u0105 realizowane na podstawie Regulaminu, kt\u00f3ry obowi\u0105zywa\u0142 w dniu sk\u0142adania zam\u00f3wienia przez Klienta. Zmiana Regulaminu wchodzi w \u017cycie w terminie 7 dni od dnia opublikowania na Stronie Internetowej Sklepu. Sprzedawca poinformuje Klienta na 7 dni przed wej\u015bciem w \u017cycie nowego Regulaminu o zmianie Regulaminu za pomoc\u0105 wiadomo\u015bci przes\u0142anej drog\u0105 elektroniczn\u0105 zawieraj\u0105cej odno\u015bnik do tekstu zmienionego Regulaminu. W razie, gdy Klient nie akceptuje nowej tre\u015bci Regulaminu obowi\u0105zany jest zawiadomi\u0107 o tym fakcie Sprzedawc\u0119, co skutkuje rozwi\u0105zaniem umowy zgodnie z&nbsp; postanowieniami \u00a79 Regulaminu.<\/li>\n\n\n\n<li>Regulamin wchodzi w \u017cycie z dniem 1 pa\u017adziernika 2022 r.<\/li>\n<\/ol>\n","protected":false},"excerpt":{"rendered":"<p>Niniejszy Regulamin okre\u015bla og\u00f3lne warunki, zasady oraz spos\u00f3b sprzeda\u017cy prowadzonej przez Eliz\u0119 Kordylewicz prowadz\u0105c\u0105 dzia\u0142alno\u015b\u0107 nierejestrowan\u0105, za po\u015brednictwem sklepu internetowego www.elizowo.pl (zwanego dalej: \u201eSklepem Internetowym\u201d) oraz okre\u015bla zasady i warunki \u015bwiadczenia przez Eliz\u0119 Kordylewicz prowadz\u0105c\u0105 dzia\u0142alno\u015b\u0107 nierejestrowan\u0105 us\u0142ug nieodp\u0142atnych drog\u0105 elektroniczn\u0105. \u00a7 1 Definicje \u00a7 2 Postanowienia og\u00f3lne i korzystanie ze Sklepu Internetowego \u00a7 3&hellip;&nbsp;<a href=\"https:\/\/elizowo.pl\/index.php\/regulamin-sklepu\/\" class=\"\" rel=\"bookmark\">Czytaj dalej &raquo;<span class=\"screen-reader-text\">Regulamin sklepu<\/span><\/a><\/p>\n","protected":false},"author":2,"featured_media":0,"parent":0,"menu_order":0,"comment_status":"closed","ping_status":"closed","template":"","meta":{"neve_meta_sidebar":"","neve_meta_container":"","neve_meta_enable_content_width":"","neve_meta_content_width":0,"neve_meta_title_alignment":"","neve_meta_author_avatar":"","neve_post_elements_order":"","neve_meta_disable_header":"","neve_meta_disable_footer":"","neve_meta_disable_title":"","footnotes":""},"class_list":["post-36","page","type-page","status-publish","hentry"],"jetpack_sharing_enabled":true,"_links":{"self":[{"href":"https:\/\/elizowo.pl\/index.php\/wp-json\/wp\/v2\/pages\/36","targetHints":{"allow":["GET"]}}],"collection":[{"href":"https:\/\/elizowo.pl\/index.php\/wp-json\/wp\/v2\/pages"}],"about":[{"href":"https:\/\/elizowo.pl\/index.php\/wp-json\/wp\/v2\/types\/page"}],"author":[{"embeddable":true,"href":"https:\/\/elizowo.pl\/index.php\/wp-json\/wp\/v2\/users\/2"}],"replies":[{"embeddable":true,"href":"https:\/\/elizowo.pl\/index.php\/wp-json\/wp\/v2\/comments?post=36"}],"version-history":[{"count":2,"href":"https:\/\/elizowo.pl\/index.php\/wp-json\/wp\/v2\/pages\/36\/revisions"}],"predecessor-version":[{"id":87,"href":"https:\/\/elizowo.pl\/index.php\/wp-json\/wp\/v2\/pages\/36\/revisions\/87"}],"wp:attachment":[{"href":"https:\/\/elizowo.pl\/index.php\/wp-json\/wp\/v2\/media?parent=36"}],"curies":[{"name":"wp","href":"https:\/\/api.w.org\/{rel}","templated":true}]}}