{"id":20,"date":"2022-10-25T08:08:27","date_gmt":"2022-10-25T08:08:27","guid":{"rendered":"https:\/\/elizowo.pl\/?page_id=20"},"modified":"2022-10-25T08:08:28","modified_gmt":"2022-10-25T08:08:28","slug":"o-mnie","status":"publish","type":"page","link":"https:\/\/elizowo.pl\/index.php\/o-mnie\/","title":{"rendered":"O mnie"},"content":{"rendered":"\n<div class=\"wp-block-columns is-layout-flex wp-container-core-columns-is-layout-9d6595d7 wp-block-columns-is-layout-flex\">\n<div class=\"wp-block-column is-layout-flow wp-block-column-is-layout-flow\" style=\"flex-basis:33.33%\">\n<figure class=\"wp-block-image size-full\"><img loading=\"lazy\" decoding=\"async\" width=\"940\" height=\"788\" src=\"https:\/\/elizowo.pl\/wp-content\/uploads\/2022\/10\/elizowo.png\" alt=\"\" class=\"wp-image-22\" srcset=\"https:\/\/elizowo.pl\/wp-content\/uploads\/2022\/10\/elizowo.png 940w, https:\/\/elizowo.pl\/wp-content\/uploads\/2022\/10\/elizowo-300x251.png 300w, https:\/\/elizowo.pl\/wp-content\/uploads\/2022\/10\/elizowo-600x503.png 600w, https:\/\/elizowo.pl\/wp-content\/uploads\/2022\/10\/elizowo-768x644.png 768w\" sizes=\"auto, (max-width: 940px) 100vw, 940px\" \/><\/figure>\n<\/div>\n\n\n\n<div class=\"wp-block-column is-layout-flow wp-block-column-is-layout-flow\" style=\"flex-basis:66.66%\">\n<h2 class=\"wp-block-heading\">Kim ja w\u0142a\u015bciwie jestem?<\/h2>\n\n\n\n<ul class=\"wp-block-list\"><li>Jestem <strong>przewodnikiem do szcz\u0119\u015bcia w \u017cyciu codziennym<\/strong>. Jestem <strong>pisark\u0105 <\/strong>i prowadz\u0119 grup\u0119 na FB oraz warsztaty dla doros\u0142ych i dzieci. Poza tym szyj\u0119 i edukuj\u0119 dw\u00f3jk\u0119 moich starszych dzieci w domu.<\/li><\/ul>\n\n\n\n<ul class=\"wp-block-list\"><li>Z wykszta\u0142cenia jestem ekonomist\u0105, mam licencjat z zarz\u0105dzania w turystyce i hotelarstwie. Pracowa\u0142am w r\u00f3\u017cnych bran\u017cach jak ubezpieczenia maj\u0105tkowe i \u017cyciowe, sprzeda\u017c detaliczna, logistyka, gastronomia, hotelarstwo, edukacja i szeroko poj\u0119ta promocja. Jestem praktykiem, lubi\u0119 dzia\u0142a\u0107 i lubi\u0119 widzie\u0107 efekty swojej pracy.<\/li><\/ul>\n\n\n\n<blockquote class=\"wp-block-quote has-medium-font-size is-layout-flow wp-block-quote-is-layout-flow\"><p><strong><em>Moj\u0105 misj\u0105 jest pokaza\u0107 zwyczajnym ludziom, takim jak ja, \u017ce w prostych rzeczach i codziennych czynno\u015bciach mo\u017cna odnale\u017a\u0107 szcz\u0119\u015bcie, \u017ce nie trzeba zdobywa\u0107 szczyt\u00f3w, aby by\u0107 szcz\u0119\u015bliwym. Chc\u0119 nauczy\u0107 ludzi, szczeg\u00f3lnie rodzic\u00f3w, jak mo\u017cna czerpa\u0107 rado\u015b\u0107 z ka\u017cdego dnia.<\/em><\/strong><\/p><\/blockquote>\n<\/div>\n<\/div>\n\n\n\n<div class=\"wp-block-columns has-neve-text-color-color has-nv-light-bg-background-color has-text-color has-background is-layout-flex wp-container-core-columns-is-layout-9d6595d7 wp-block-columns-is-layout-flex\">\n<div class=\"wp-block-column is-layout-flow wp-block-column-is-layout-flow\">\n<h2 class=\"has-text-align-left wp-block-heading\">Jak to robi\u0119?<\/h2>\n\n\n\n<ul class=\"wp-block-list\"><li><strong>Pisz\u0119 ksi\u0105\u017cki<\/strong>. Pierwsza nosi tytu\u0142 <strong>&#8222;W poszukiwaniu szcz\u0119\u015bcia&#8221; <\/strong>i ju\u017c mo\u017cna j\u0105 u mnie naby\u0107.  Jest to przewodnik do szcz\u0119\u015bcia z \u0107wiczeniami ale tak\u017ce opowie\u015b\u0107 o kobiecie, kt\u00f3ra w pogoni za przetrwaniem zagubi\u0142a w\u0142asne szcz\u0119\u015bcie a p\u00f3\u017aniej na nowo je odnalaz\u0142a w \u0142yku gor\u0105cej kawy, du\u017cym oknie wychodz\u0105cym na ogr\u00f3d, u\u015bmiechu dziecka\u2026<\/li><li>Prowadz\u0119 <strong>warsztaty dla doros\u0142ych<\/strong>, na kt\u00f3rych ucz\u0119 jak mo\u017cna szcz\u0119\u015bliwiej i pe\u0142niej \u017cy\u0107.\u00a0 Pokazuj\u0119 jak odnale\u017a\u0107 rado\u015b\u0107 w codziennych czynno\u015bciach, w zmywaniu naczy\u0144, szukaniu zaginionego kluczyka od auta, czy sprz\u0105taniu toalety po dziecku, kt\u00f3re prawie zd\u0105\u017cy\u0142o, czy psie kt\u00f3ry jednak nie zd\u0105\u017cy\u0142.<\/li><li>Prowadz\u0119 <strong>warsztaty dla dzieci<\/strong>, gdzie najwa\u017cniejsza jest dobra zabawa, odkrywanie w\u0142asnych zainteresowa\u0144 i talent\u00f3w oraz nieograniczona kreatywno\u015b\u0107. Dzi\u0119ki nim dzieci ucz\u0105 si\u0119 jak by\u0107 szcz\u0119\u015bliwym i piel\u0119gnuj\u0105 pasje, kt\u00f3re pomog\u0105 im w doros\u0142ym \u017cyciu nie zgubi\u0107 siebie. Sprawi\u0105, \u017ce nawet 20 lat p\u00f3\u017aniej b\u0119d\u0105 pami\u0119ta\u0107 jak rysowa\u0142y krow\u0119 czy budowa\u0142y most z klock\u00f3w.<\/li><li><strong>Prowadz\u0119 grup\u0119 na FB <a rel=\"noreferrer noopener\" href=\"https:\/\/www.facebook.com\/groups\/521470282676939\" target=\"_blank\">Laik w fotel<\/a><\/strong><a rel=\"noreferrer noopener\" href=\"https:\/\/www.facebook.com\/groups\/521470282676939\" target=\"_blank\"><strong>u<\/strong><\/a>, gdzie opowiadam na live jak mo\u017cna stworzy\u0107 w\u0142asn\u0105 firm\u0119 ma\u0142ymi krokami bez po\u015bwi\u0119cania si\u0119. Pokazuj\u0119, \u017ce mo\u017cna zbudowa\u0107 ma\u0142y biznes jednocze\u015bnie zachowuj\u0105c czas dla siebie i rodziny i \u017ce nawet je\u015bli maluch wpadnie na live, to przecie\u017c mo\u017cna kontynuowa\u0107. T\u0142umacz\u0119 \u017ce bycie autentycznym, bycie sob\u0105 w biznesie jest cenniejsze od bycia idealnym.<\/li><li><strong>Szyj\u0119 proste i pi\u0119kne tekstylia u\u017cytkowe<\/strong>. S\u0105 to g\u0142\u00f3wnie woreczki bawe\u0142niane i satynowe. Mo\u017cesz do takiego woreczka schowa\u0107 moj\u0105 ksi\u0105\u017ck\u0119, \u017ceby nie zagi\u0105\u0107 rog\u00f3w, kiedy wozisz j\u0105 ze sob\u0105 w torebce czy plecaku. Stworzy\u0142am te\u017c worki na buty i kapcie dla dzieci, dzi\u0119ki kt\u00f3rym zapomnisz co to popl\u0105tane sznurki i ci\u0105gn\u0105cy si\u0119 po pod\u0142odze z powodu ich nadmiernej d\u0142ugo\u015bci worek. Wykonuj\u0119 r\u00f3wnie\u017c drobne przer\u00f3bki krawieckie, czasem wystarczy odrobin\u0119 skr\u00f3ci\u0107 czy zw\u0119\u017cy\u0107 sp\u00f3dnic\u0119, \u017ceby z ciotki sta\u0107 si\u0119 atrakcyjn\u0105 kobiet\u0105. Czasem potrzeba zeszy\u0107 dziurk\u0119 w ulubionej sukience c\u00f3rki, aby dalej czu\u0142a si\u0119 jak ksi\u0119\u017cniczka.<\/li><\/ul>\n<\/div>\n<\/div>\n","protected":false},"excerpt":{"rendered":"<p>Kim ja w\u0142a\u015bciwie jestem? Jestem przewodnikiem do szcz\u0119\u015bcia w \u017cyciu codziennym. Jestem pisark\u0105 i prowadz\u0119 grup\u0119 na FB oraz warsztaty dla doros\u0142ych i dzieci. Poza tym szyj\u0119 i edukuj\u0119 dw\u00f3jk\u0119 moich starszych dzieci w domu. Z wykszta\u0142cenia jestem ekonomist\u0105, mam licencjat z zarz\u0105dzania w turystyce i hotelarstwie. Pracowa\u0142am w r\u00f3\u017cnych bran\u017cach jak ubezpieczenia maj\u0105tkowe i&hellip;&nbsp;<a href=\"https:\/\/elizowo.pl\/index.php\/o-mnie\/\" class=\"\" rel=\"bookmark\">Czytaj dalej &raquo;<span class=\"screen-reader-text\">O mnie<\/span><\/a><\/p>\n","protected":false},"author":2,"featured_media":0,"parent":0,"menu_order":0,"comment_status":"closed","ping_status":"closed","template":"","meta":{"neve_meta_sidebar":"","neve_meta_container":"","neve_meta_enable_content_width":"","neve_meta_content_width":0,"neve_meta_title_alignment":"","neve_meta_author_avatar":"","neve_post_elements_order":"","neve_meta_disable_header":"","neve_meta_disable_footer":"","neve_meta_disable_title":"","footnotes":""},"class_list":["post-20","page","type-page","status-publish","hentry"],"jetpack_sharing_enabled":true,"_links":{"self":[{"href":"https:\/\/elizowo.pl\/index.php\/wp-json\/wp\/v2\/pages\/20","targetHints":{"allow":["GET"]}}],"collection":[{"href":"https:\/\/elizowo.pl\/index.php\/wp-json\/wp\/v2\/pages"}],"about":[{"href":"https:\/\/elizowo.pl\/index.php\/wp-json\/wp\/v2\/types\/page"}],"author":[{"embeddable":true,"href":"https:\/\/elizowo.pl\/index.php\/wp-json\/wp\/v2\/users\/2"}],"replies":[{"embeddable":true,"href":"https:\/\/elizowo.pl\/index.php\/wp-json\/wp\/v2\/comments?post=20"}],"version-history":[{"count":10,"href":"https:\/\/elizowo.pl\/index.php\/wp-json\/wp\/v2\/pages\/20\/revisions"}],"predecessor-version":[{"id":32,"href":"https:\/\/elizowo.pl\/index.php\/wp-json\/wp\/v2\/pages\/20\/revisions\/32"}],"wp:attachment":[{"href":"https:\/\/elizowo.pl\/index.php\/wp-json\/wp\/v2\/media?parent=20"}],"curies":[{"name":"wp","href":"https:\/\/api.w.org\/{rel}","templated":true}]}}